{"id":4196,"date":"2017-07-03T09:35:09","date_gmt":"2017-07-03T07:35:09","guid":{"rendered":"http:\/\/wtz-west.at\/?page_id=4196"},"modified":"2023-03-29T15:38:30","modified_gmt":"2023-03-29T13:38:30","slug":"wtz-west","status":"publish","type":"page","link":"https:\/\/wtz-west.at\/en\/wtz-west\/","title":{"rendered":"WTZ West About us"},"content":{"rendered":"<p>[et_pb_section fb_built=&#8221;1&#8243; fullwidth=&#8221;on&#8221; _builder_version=&#8221;3.22&#8243; global_colors_info=&#8221;{}&#8221;][et_pb_fullwidth_slider show_arrows=&#8221;off&#8221; admin_label=&#8221;header&#8221; module_class=&#8221;slider_mit_text&#8221; _builder_version=&#8221;3.16&#8243; parallax=&#8221;on&#8221; parallax_method=&#8221;on&#8221; custom_padding=&#8221;|||&#8221; custom_padding_tablet=&#8221;|||&#8221; custom_padding_phone=&#8221;|||&#8221; box_shadow_style=&#8221;preset6&#8243; box_shadow_blur=&#8221;10px&#8221; box_shadow_color=&#8221;rgba(0,0,0,0.1)&#8221; show_inner_shadow=&#8221;on&#8221; global_colors_info=&#8221;{}&#8221; button_text_size__hover_enabled=&#8221;off&#8221; button_one_text_size__hover_enabled=&#8221;off&#8221; button_two_text_size__hover_enabled=&#8221;off&#8221; button_text_color__hover_enabled=&#8221;off&#8221; button_one_text_color__hover_enabled=&#8221;off&#8221; button_two_text_color__hover_enabled=&#8221;off&#8221; button_border_width__hover_enabled=&#8221;off&#8221; button_one_border_width__hover_enabled=&#8221;off&#8221; button_two_border_width__hover_enabled=&#8221;off&#8221; button_border_color__hover_enabled=&#8221;off&#8221; button_one_border_color__hover_enabled=&#8221;off&#8221; button_two_border_color__hover_enabled=&#8221;off&#8221; button_border_radius__hover_enabled=&#8221;off&#8221; button_one_border_radius__hover_enabled=&#8221;off&#8221; button_two_border_radius__hover_enabled=&#8221;off&#8221; button_letter_spacing__hover_enabled=&#8221;off&#8221; button_one_letter_spacing__hover_enabled=&#8221;off&#8221; button_two_letter_spacing__hover_enabled=&#8221;off&#8221; button_bg_color__hover_enabled=&#8221;off&#8221; button_one_bg_color__hover_enabled=&#8221;off&#8221; button_two_bg_color__hover_enabled=&#8221;off&#8221;][et_pb_slide image=&#8221;https:\/\/wtz-west.at\/wp-content\/uploads\/2015\/12\/logo_leer80.png&#8221; alignment=&#8221;bottom&#8221; _builder_version=&#8221;3.16&#8243; background_color=&#8221;#ffffff&#8221; background_image=&#8221;https:\/\/wtz-west.at\/wp-content\/uploads\/2015\/07\/lichter1.png&#8221; background_layout=&#8221;light&#8221; global_colors_info=&#8221;{}&#8221; sticky_transition=&#8221;on&#8221; button_text_size__hover_enabled=&#8221;off&#8221; button_one_text_size__hover_enabled=&#8221;off&#8221; button_two_text_size__hover_enabled=&#8221;off&#8221; button_text_color__hover_enabled=&#8221;off&#8221; button_one_text_color__hover_enabled=&#8221;off&#8221; button_two_text_color__hover_enabled=&#8221;off&#8221; button_border_width__hover_enabled=&#8221;off&#8221; button_one_border_width__hover_enabled=&#8221;off&#8221; button_two_border_width__hover_enabled=&#8221;off&#8221; button_border_color__hover_enabled=&#8221;off&#8221; button_one_border_color__hover_enabled=&#8221;off&#8221; button_two_border_color__hover_enabled=&#8221;off&#8221; button_border_radius__hover_enabled=&#8221;off&#8221; button_one_border_radius__hover_enabled=&#8221;off&#8221; button_two_border_radius__hover_enabled=&#8221;off&#8221; button_letter_spacing__hover_enabled=&#8221;off&#8221; button_one_letter_spacing__hover_enabled=&#8221;off&#8221; button_two_letter_spacing__hover_enabled=&#8221;off&#8221; button_bg_color__hover_enabled=&#8221;off&#8221; button_one_bg_color__hover_enabled=&#8221;off&#8221; button_two_bg_color__hover_enabled=&#8221;off&#8221;]<\/p>\n<h1><strong>About us<\/strong><\/h1>\n<p>Get to know the Knowledge Transfer Centre West<br \/>\nFind out who we are and what we stand for![\/et_pb_slide][\/et_pb_fullwidth_slider][\/et_pb_section][et_pb_section fb_built=&#8221;1&#8243; _builder_version=&#8221;3.22&#8243; global_colors_info=&#8221;{}&#8221;][et_pb_row _builder_version=&#8221;3.25&#8243; background_size=&#8221;initial&#8221; background_position=&#8221;top_left&#8221; background_repeat=&#8221;repeat&#8221; hover_enabled=&#8221;0&#8243; global_colors_info=&#8221;{}&#8221; column_structure=&#8221;2_3,1_3&#8243; custom_padding=&#8221;26px|||||&#8221; sticky_enabled=&#8221;0&#8243;][et_pb_column type=&#8221;2_3&#8243; _builder_version=&#8221;3.25&#8243; custom_padding=&#8221;|||&#8221; global_colors_info=&#8221;{}&#8221; custom_padding__hover=&#8221;|||&#8221;][et_pb_image src=&#8221;https:\/\/wtz-west.at\/wp-content\/uploads\/2023\/03\/wtz-west_map_2022-1-480&#215;293-1.png&#8221; _builder_version=&#8221;4.9.11&#8243; _module_preset=&#8221;default&#8221; title_text=&#8221;wtz-west_map_2022-1-480&#215;293&#8243; hover_enabled=&#8221;0&#8243; sticky_enabled=&#8221;0&#8243;][\/et_pb_image][et_pb_text admin_label=&#8221;Text &#8211; wer wird sind&#8221; _builder_version=&#8221;3.27.4&#8243; background_size=&#8221;initial&#8221; background_position=&#8221;top_left&#8221; background_repeat=&#8221;repeat&#8221; hover_enabled=&#8221;0&#8243; global_colors_info=&#8221;{}&#8221; sticky_enabled=&#8221;0&#8243;]<\/p>\n<h2><\/h2>\n<h2>Knowledge-Transfer:<br \/><strong>(Third) Mission Possible!<\/strong><\/h2>\n<p id=\"tw-target-text\" class=\"tw-data-text tw-text-large tw-ta\" dir=\"ltr\" data-placeholder=\"\u00dcbersetzung\"><span lang=\"en\" tabindex=\"0\"><strong>Research, teaching and the provision of knowledge &#8211; these are the essential tasks &#8211; <em>missions<\/em> &#8211; of universities. The Knowledge Transfer Center West (WTZ West), a network of eleven West-Austrian universities, also takes care of this so-called &#8220;third mission&#8221;.<\/strong><\/span><\/p>\n<p class=\"tw-data-text tw-text-large tw-ta\" dir=\"ltr\" data-placeholder=\"\u00dcbersetzung\"><span lang=\"en\" tabindex=\"0\">In science, research and training of young scientists have always been the core tasks of every university. But how the provision of knowledge can be professionalized and moreover, who dedicates him- or herself to this task raises challenging questions. Especially as the provision and transfer of knowledge and technology becomes more complex and time-consuming. <\/span><\/p>\n<p class=\"tw-data-text tw-text-large tw-ta\" dir=\"ltr\" data-placeholder=\"\u00dcbersetzung\"><span lang=\"en\" tabindex=\"0\">It is all the more important to put knowledge transfer on top of the academic to-do list. Six universities, including associated partners, joined forces in 2014 in Upper Austria, Salzburg and Tyrol to form the Knowledge Transfer Center West together. <\/span><\/p>\n<p dir=\"ltr\" data-placeholder=\"\u00dcbersetzung\">Beginning with the second phase, starting in 2019, the partnership even grew. Starting in autumn 2022 four<br \/>universities of applied sciences and six universities at Innsbruck, Kufstein, Salzburg, Linz, Hagenberg, Wels<br \/>and Steyr will now be working intensively on the numerous challenges of the Third Mission.<\/p>\n<h2><strong>Opening new knowledge horizons together<\/strong><\/h2>\n<p>The Knowledge Transfer Centre West (WTZ West) is Western Austria\u2019s most important competence centre for academic knowledge and technology transfer. Our aim is to optimize cooperation between the individual universities and improve their interfaces with economy and society. Through joint projects and activities, we seek to intensify knowledge and technology transfer in a sustainable way, identifying exploitation potentials and making use of synergies.<\/p>\n<p>[\/et_pb_text][\/et_pb_column][et_pb_column type=&#8221;1_3&#8243; _builder_version=&#8221;3.25&#8243; custom_padding=&#8221;|||&#8221; global_colors_info=&#8221;{}&#8221; custom_padding__hover=&#8221;|||&#8221;][et_pb_image src=&#8221;https:\/\/wtz-west.at\/wp-content\/uploads\/2015\/07\/alle-partner3.png&#8221; alt=&#8221;Partneruniversit\u00e4ten des WTZ West.&#8221; title_text=&#8221;Partneruniversit\u00e4ten des WTZ West.&#8221; align_tablet=&#8221;center&#8221; align_last_edited=&#8221;on|desktop&#8221; admin_label=&#8221;universitaeten&#8221; _builder_version=&#8221;3.23&#8243; animation=&#8221;off&#8221; sticky=&#8221;off&#8221; global_colors_info=&#8221;{}&#8221;][\/et_pb_image][\/et_pb_column][\/et_pb_row][\/et_pb_section][et_pb_section fb_built=&#8221;1&#8243; _builder_version=&#8221;4.9.11&#8243; _module_preset=&#8221;default&#8221;][et_pb_row _builder_version=&#8221;4.9.11&#8243; _module_preset=&#8221;default&#8221;][et_pb_column _builder_version=&#8221;4.9.11&#8243; _module_preset=&#8221;default&#8221; type=&#8221;4_4&#8243;][\/et_pb_column][\/et_pb_row][\/et_pb_section][et_pb_section fb_built=&#8221;1&#8243; _builder_version=&#8221;3.22&#8243; global_colors_info=&#8221;{}&#8221;][et_pb_row _builder_version=&#8221;3.25&#8243; background_size=&#8221;initial&#8221; background_position=&#8221;top_left&#8221; background_repeat=&#8221;repeat&#8221; global_colors_info=&#8221;{}&#8221;][et_pb_column type=&#8221;4_4&#8243; _builder_version=&#8221;3.25&#8243; custom_padding=&#8221;|||&#8221; global_colors_info=&#8221;{}&#8221; custom_padding__hover=&#8221;|||&#8221;][et_pb_divider show_divider=&#8221;off&#8221; disabled_on=&#8221;on|on|off&#8221; admin_label=&#8221;Teiler&#8221; _builder_version=&#8221;3.23.4&#8243; height=&#8221;25px&#8221; global_colors_info=&#8221;{}&#8221;][\/et_pb_divider][\/et_pb_column][\/et_pb_row][\/et_pb_section]<\/p>\n","protected":false},"excerpt":{"rendered":"<p>About us Get to know the Knowledge Transfer Centre West Find out who we are and what we stand for! Knowledge-Transfer:(Third) Mission Possible! Research, teaching and the provision of knowledge &#8211; these are the essential tasks &#8211; missions &#8211; of universities. The Knowledge Transfer Center West (WTZ West), a network of eleven West-Austrian universities, also [&hellip;]<\/p>\n","protected":false},"author":5,"featured_media":0,"parent":0,"menu_order":5,"comment_status":"closed","ping_status":"closed","template":"","meta":{"_et_pb_use_builder":"on","_et_pb_old_content":"<p>[et_pb_section fullwidth=\"on\" specialty=\"off\"][et_pb_fullwidth_slider admin_label=\"header\" show_arrows=\"off\" show_pagination=\"on\" auto=\"off\" parallax=\"on\" parallax_method=\"on\" module_class=\"slider_mit_text\"][et_pb_slide background_image=\"https:\/\/wtz-west.at\/wp-content\/uploads\/2015\/07\/lichter1.png\" background_color=\"#ffffff\" image=\"https:\/\/wtz-west.at\/wp-content\/uploads\/2015\/12\/logo_leer80.png\" alignment=\"bottom\" background_layout=\"light\" allow_player_pause=\"off\"]<\/p><h1><strong>\u00dcber uns<\/strong><\/h1><p>Das Wissenstransferzentrum West stellt sich vor -<br \/> Hier erhalten Sie einen \u00dcberblick, wer wir sind und wof\u00fcr wir stehen<\/p><p>[\/et_pb_slide][\/et_pb_fullwidth_slider][\/et_pb_section][et_pb_section fullwidth=\"off\" specialty=\"off\"][et_pb_row][et_pb_column type=\"2_3\"][et_pb_text admin_label=\"Text - wer wird sind\" background_layout=\"light\" text_orientation=\"left\"]<\/p><h2><strong>Gemeinsam Wissenshorizonte \u00f6ffnen<\/strong><\/h2><p>Als Zusammenschluss der Universit\u00e4tsstandorte Salzburg, Linz und Innsbruck ist das Wissenstransferzentrum West das wichtigste Kompetenzzentrum f\u00fcr akademischen Wissens- und Technologietransfer West-\u00d6sterreichs. Mit Unterst\u00fctzung des bmwfw und der AWS Austria schlossen sich 2014 sechs f\u00fchrende Hochschulen und ihre assoziierten Partner zusammen, um eine gemeinsame Wissenskultur zu schaffen.<\/p><p>Gemeinsam haben wir es uns zur Aufgabe gemacht, sowohl die Zusammenarbeit der Universit\u00e4ten untereinander als auch die Schnittstellen zu Wirtschaft und Gesellschaft zu optimieren. Durch gemeinsame Aktionen und Ma\u00dfnahmen wollen wir so den Wissens- und Technologietransfer nachhaltig intensivieren, Verwertungspotentiale erschlie\u00dfen und m\u00f6gliche Synergien nutzen.<\/p><h2><strong>Weg f\u00fcr Innovationen ebnen<\/strong><\/h2><p>Ein besonderes Anliegen ist uns dabei der Wissenstransfer in Bereichen, die \u00fcber eine reine Kommerzialisierung hinausgehen. Einer unserer Schwerpunkte liegt deshalb auf dem Gebiet der Geistes-, Sozial- und Kulturwissenschaften und der Kunst, die oftmals wichtige Grundlagen f\u00fcr soziale Innovationen darstellen. Durch die Besch\u00e4ftigung mit Themen wie Entrepreneurship oder zukunftsorientierten Urheberrechtsfragen wollen wir so neue Standards des transdisziplin\u00e4ren Arbeitens schaffen.<\/p><p>Nicht zuletzt ist es allgemeines Ziel des WTZ West, das Thema Forschung generell in den Vordergrund zu r\u00fccken und so die Attraktivit\u00e4t des Forschungs- und Wirtschaftsstandorts \u00d6sterreich zu erh\u00f6hen.<\/p><h2><strong>Was haben Sie vom WTZ West?<\/strong><\/h2><p>Das WTZ West bringt Sie mit den passenden Experten f\u00fcr Ihr Forschungsanliegen zusammen. Egal f\u00fcr welche Fragestellung Sie einen Partner in der universit\u00e4ren Forschung ben\u00f6tigen \u2013 das WTZ West fungiert f\u00fcr Sie als Schnittstelle und stellt alle n\u00f6tigen Kontakte her. So sparen Sie Zeit und M\u00fche und brauchen nicht selbst auf die Suche nach dem passenden Experten f\u00fcr Ihr Anliegen zu gehen \u2013 einfach und zentralisiert erledigt das gerne das Team des WTZ West f\u00fcr Sie. Unser einheitliches <a href=\"https:\/\/wtz-west.at\/kontakt\/anfrageformular\/\">Anfrageformular<\/a> sorgt daf\u00fcr, dass Ihr Anliegen m\u00f6glichst schnell und zielgerichtet an die richtigen Experten weitergeleitet wird und erspart Ihnen so die zeitaufw\u00e4ndige Recherche.<\/p><p>[\/et_pb_text][et_pb_divider admin_label=\"Teiler\" color=\"#ffffff\" show_divider=\"off\" height=\"25\" \/][et_pb_image admin_label=\"landkarte wtz\" src=\"https:\/\/wtz-west.at\/wp-content\/uploads\/2015\/07\/wtz-west_map2.jpg\" alt=\"Standorte des WTZ West.\" title_text=\"Standorte des WTZ West.\" show_in_lightbox=\"off\" url_new_window=\"off\" animation=\"off\" sticky=\"off\" \/][\/et_pb_column][et_pb_column type=\"1_3\"][et_pb_image admin_label=\"universitaeten\" src=\"https:\/\/wtz-west.at\/wp-content\/uploads\/2015\/07\/partnerunis1.png\" alt=\"Partneruniversit\u00e4ten des WTZ West.\" title_text=\"Partneruniversit\u00e4ten des WTZ West.\" show_in_lightbox=\"off\" url_new_window=\"off\" animation=\"off\" sticky=\"off\" \/][\/et_pb_column][\/et_pb_row][\/et_pb_section][et_pb_section][et_pb_row][et_pb_column type=\"4_4\"][et_pb_divider admin_label=\"Teiler\" color=\"#ffffff\" show_divider=\"off\" height=\"25\" \/][\/et_pb_column][\/et_pb_row][\/et_pb_section]<\/p>","_et_gb_content_width":""},"_links":{"self":[{"href":"https:\/\/wtz-west.at\/en\/wp-json\/wp\/v2\/pages\/4196"}],"collection":[{"href":"https:\/\/wtz-west.at\/en\/wp-json\/wp\/v2\/pages"}],"about":[{"href":"https:\/\/wtz-west.at\/en\/wp-json\/wp\/v2\/types\/page"}],"author":[{"embeddable":true,"href":"https:\/\/wtz-west.at\/en\/wp-json\/wp\/v2\/users\/5"}],"replies":[{"embeddable":true,"href":"https:\/\/wtz-west.at\/en\/wp-json\/wp\/v2\/comments?post=4196"}],"version-history":[{"count":38,"href":"https:\/\/wtz-west.at\/en\/wp-json\/wp\/v2\/pages\/4196\/revisions"}],"predecessor-version":[{"id":7311,"href":"https:\/\/wtz-west.at\/en\/wp-json\/wp\/v2\/pages\/4196\/revisions\/7311"}],"wp:attachment":[{"href":"https:\/\/wtz-west.at\/en\/wp-json\/wp\/v2\/media?parent=4196"}],"curies":[{"name":"wp","href":"https:\/\/api.w.org\/{rel}","templated":true}]}}