{"id":4203,"date":"2017-07-03T09:54:59","date_gmt":"2017-07-03T07:54:59","guid":{"rendered":"http:\/\/wtz-west.at\/?page_id=4203"},"modified":"2023-03-10T14:32:40","modified_gmt":"2023-03-10T13:32:40","slug":"projektschwerpunkte","status":"publish","type":"page","link":"https:\/\/wtz-west.at\/en\/wtz-west\/projektschwerpunkte\/","title":{"rendered":"Projects"},"content":{"rendered":"<p>[et_pb_section fullwidth=&#8221;on&#8221; specialty=&#8221;off&#8221;][et_pb_fullwidth_slider admin_label=&#8221;header&#8221; show_arrows=&#8221;off&#8221; show_pagination=&#8221;on&#8221; auto=&#8221;off&#8221; parallax=&#8221;on&#8221; parallax_method=&#8221;on&#8221; module_class=&#8221;slider_mit_text&#8221;][et_pb_slide background_image=&#8221;https:\/\/wtz-west.at\/wp-content\/uploads\/2015\/07\/Projekte.png&#8221; background_color=&#8221;#ffffff&#8221; image=&#8221;https:\/\/wtz-west.at\/wp-content\/uploads\/2015\/12\/logo_leer80.png&#8221; alignment=&#8221;bottom&#8221; background_layout=&#8221;light&#8221; allow_player_pause=&#8221;off&#8221;]<\/p>\n<h1><strong>Projects <\/strong><\/h1>\n<p>The Knowledge Transfer Centre West focuses on five core areas, which we would like to introduce to you in this section.<\/p>\n<p>[\/et_pb_slide][\/et_pb_fullwidth_slider][\/et_pb_section][et_pb_section fullwidth=&#8221;off&#8221; specialty=&#8221;off&#8221;][et_pb_row][et_pb_column type=&#8221;2_3&#8243;][et_pb_text admin_label=&#8221;Einleitung&#8221; background_layout=&#8221;light&#8221; text_orientation=&#8221;left&#8221;]<\/p>\n<h2><strong>Thematic core areas of the WTZ West\u00a0 \/ Phase 3<\/strong><\/h2>\n<p>This period will last from autumn 2022 until June 2024. It will deal with networking, internationalization,<br \/>\ntrainings, STEM and STEAM (Science, Technology, Engineering, Arts and Mathematics).<\/p>\n<p>[\/et_pb_text][et_pb_divider admin_label=&#8221;Teiler&#8221; \/][\/et_pb_column][et_pb_column type=&#8221;1_3&#8243;][\/et_pb_column][\/et_pb_row][et_pb_row][et_pb_column type=&#8221;2_3&#8243;][et_pb_text admin_label=&#8221;Projekt KommHubWest&#8221; background_layout=&#8221;light&#8221; text_orientation=&#8221;left&#8221;]<\/p>\n<h2><strong>Thematic core areas of the WTZ West\u00a0 \/ Phase 2<br \/>\n<\/strong><\/h2>\n<p>A special feature of the Knowledge Transfer Center West is the deployment of the consortium partners, which are now <strong>(2019-2021)<\/strong> distributed to the locations Dornbirn, Innsbruck, Kufstein, Salzburg, Linz, Hagenberg, Wels and Steyr. The individual partner organizations are thus geographically separated over several hundred kilometers. Therefore, a well thought-out and comprehensive communication system is of particular importance for the successful coordination of the consortium and the individual cooperation projects. This wide range of planned activities in the context of the WTZ West optimally binds the eleven participating institutions and allows each university to set its own priorities in the project in line with its content.<\/p>\n<p>[\/et_pb_text][et_pb_divider admin_label=&#8221;Teiler&#8221; \/][\/et_pb_column][et_pb_column type=&#8221;1_3&#8243;][\/et_pb_column][\/et_pb_row][et_pb_row][et_pb_column type=&#8221;2_3&#8243;][et_pb_text admin_label=&#8221;Projekt KommHubWest&#8221; background_layout=&#8221;light&#8221; text_orientation=&#8221;left&#8221;]<\/p>\n<h3><strong>Project \u201cCommunication.Hub.West\u201d<\/strong><\/h3>\n<p>This project draws on the already gained results of the first WTZ West Phase, in order to further develop and professionalize them for sustainable use in practice. Always from the point of view of internal and external communication, the project focuses on the established topics of networking, knowledge transfer and further education &#8211; the main emphasis is on science and project communication. Opportunities for development for new, innovative projects in the area of \u200b\u200bknowledge and technology transfer come into play, too. The partners of the WTZ West bring a variety of prerequisites and experience into the cooperation, which means challenge, development potential and opportunities alike.<\/p>\n<p>[\/et_pb_text][et_pb_divider admin_label=&#8221;Teiler&#8221; color=&#8221;#ffffff&#8221; show_divider=&#8221;off&#8221; \/][\/et_pb_column][et_pb_column type=&#8221;1_3&#8243;][\/et_pb_column][\/et_pb_row][et_pb_row][et_pb_column type=&#8221;2_3&#8243;][et_pb_text admin_label=&#8221;Projekt Wirtschafts- und Industriekooperationen&#8221; background_layout=&#8221;light&#8221; text_orientation=&#8221;left&#8221;]<\/p>\n<h3><strong>Project \u201cEconomic and Industrial Cooperations\u201d<\/strong><\/h3>\n<p>Contact with the local and international business and industry serves as an essential element in knowledge and technology transfer at universities. The aim of this project is to expand cooperation between universities and business and industry, to initiate joint research projects and thus to provide important impulses for knowledge and technology transfer. The following measures are planned for this purpose: further development of the Entrepreneurship online course, the implementation of a series of seminars on the pharmaceutical value chain, events on subsidies for university-economic cooperation, holding a career summit and workshops on knowledge transfer through Connected Learning.<\/p>\n<p>[\/et_pb_text][et_pb_divider admin_label=&#8221;Teiler&#8221; color=&#8221;#ffffff&#8221; show_divider=&#8221;off&#8221; \/][\/et_pb_column][et_pb_column type=&#8221;1_3&#8243;][\/et_pb_column][\/et_pb_row][et_pb_row][et_pb_column type=&#8221;2_3&#8243;][et_pb_text admin_label=&#8221;Projekt Neue Wege&#8221; background_layout=&#8221;light&#8221; text_orientation=&#8221;left&#8221;]<\/p>\n<h3><strong>Project \u201cNew paths in knowledge- and technology-transfer\u201d<\/strong><\/h3>\n<p>Universities and technical colleges in Upper Austria, Salzburg, Tyrol and Vorarlberg are establishing a sustainable exchange of experience about their IPR strategies in order to jointly open up new paths in knowledge- and technology-transfer. The partners discuss intellectual property rights strategies in the light of open science and open innovation. In addition, they are testing new forms of communication concerning copyright by also addressing those who are not usually dealing with intellectual property rights, such as: teachers. The exploitation of intellectual property should be rethought.<\/p>\n<p>[\/et_pb_text][et_pb_divider admin_label=&#8221;Teiler&#8221; color=&#8221;#ffffff&#8221; show_divider=&#8221;off&#8221; \/][\/et_pb_column][et_pb_column type=&#8221;1_3&#8243;][\/et_pb_column][\/et_pb_row][et_pb_row][et_pb_column type=&#8221;2_3&#8243;][et_pb_text admin_label=&#8221;Projekt Kraftwerk-Generator&#8221; background_layout=&#8221;light&#8221; text_orientation=&#8221;left&#8221;]<\/p>\n<h3><strong>Project \u201cPower Plant | Generator\u201d<\/strong><\/h3>\n<p>The objectives of Power Plant | Generator are interdisciplinary and transdisciplinary competence transfer (training and further education), the initiation and support of interdisciplinary and transdisciplinary research projects (Open Innovation in Science) as well as the promotion and strengthening of an open and new research culture. It is located in the middle of the Tabakfabrik Linz and in the forge Hallein in the Alte Saline on the Pernerinsel. Power Plant | Generator is supported jointly by JKU, UFG and FH Salzburg.<\/p>\n<p>[\/et_pb_text][et_pb_divider admin_label=&#8221;Teiler&#8221; color=&#8221;#ffffff&#8221; show_divider=&#8221;off&#8221; \/][\/et_pb_column][et_pb_column type=&#8221;1_3&#8243;][\/et_pb_column][\/et_pb_row][et_pb_row][et_pb_column type=&#8221;2_3&#8243;][et_pb_text admin_label=&#8221;Projekt MINT Region West&#8221; background_layout=&#8221;light&#8221; text_orientation=&#8221;left&#8221;]<\/p>\n<h3><strong>Project \u201cMINT Region West\u201d<\/strong><\/h3>\n<p>The cooperation project &#8220;MINT Region West&#8221; addresses two different aspects: on the one hand, the topic of &#8220;MINT in elementary education&#8221;, which has so far hardly been scientifically treated, is to be dealt with prototypically. On the other hand, existing MINT-grants for adolescents will be refined based on recommendations from empirical research and practical experience and new practices will be designed. In addition to universities and colleges of the WTZ West, both work packages include companies, existing MINT initiatives, elementary education institutions and secondary schools.<\/p>\n<p>[\/et_pb_text][et_pb_divider admin_label=&#8221;Teiler&#8221; color=&#8221;#ffffff&#8221; show_divider=&#8221;off&#8221; \/][\/et_pb_column][et_pb_column type=&#8221;1_3&#8243;][\/et_pb_column][\/et_pb_row][et_pb_row][et_pb_column type=&#8221;2_3&#8243;][et_pb_divider admin_label=&#8221;Teiler&#8221; \/][\/et_pb_column][et_pb_column type=&#8221;1_3&#8243;][\/et_pb_column][\/et_pb_row][et_pb_row][et_pb_column type=&#8221;2_3&#8243;][et_pb_text admin_label=&#8221;Einleitung&#8221; background_layout=&#8221;light&#8221; text_orientation=&#8221;left&#8221;]<\/p>\n<h2><strong>Thematic core areas of the WTZ West \/ Phase 1<br \/>\n<\/strong><\/h2>\n<p>One of the WTZ West\u2019s most important tasks in the first phase <strong>2014-2018<\/strong> was to link, bundle and advance the partners\u00b4research activities . To identify, exploit and optimize potentials, the centre focused its work on the following core areas:<\/p>\n<p>[\/et_pb_text][et_pb_divider admin_label=&#8221;Teiler&#8221; \/][\/et_pb_column][et_pb_column type=&#8221;1_3&#8243;][\/et_pb_column][\/et_pb_row][et_pb_row][et_pb_column type=&#8221;2_3&#8243;][et_pb_text admin_label=&#8221;Projekt Informationstechnologien&#8221; background_layout=&#8221;light&#8221; text_orientation=&#8221;left&#8221;]<\/p>\n<h3><strong>Project \u201cInformation technology\u201d<\/strong><\/h3>\n<p>Connected by the WTZ West, the universities of Salzburg, Innsbruck and Linz were working on the joint exploitation of their information and communication technologies, with a special focus on software projects. In addition to developing exploitation strategies and financing models, this project has put emphasis on joint teaching and education activities.<\/p>\n<p>[\/et_pb_text][et_pb_divider admin_label=&#8221;Teiler&#8221; color=&#8221;#ffffff&#8221; show_divider=&#8221;off&#8221; \/][\/et_pb_column][et_pb_column type=&#8221;1_3&#8243;][\/et_pb_column][\/et_pb_row][et_pb_row][et_pb_column type=&#8221;2_3&#8243;][et_pb_text admin_label=&#8221;Projekt Physical Science&#8221; background_layout=&#8221;light&#8221; text_orientation=&#8221;left&#8221;]<\/p>\n<h3><strong>Project \u201cPhysical Science\u201d<\/strong><\/h3>\n<p>The physical science activities of the WTZ West were focused on the development of innovation labs (also called \u201cliving labs\u201d) to foster and support the research and transfer activities of the three university locations. As part of this project, a modular transfer model was developed to outline the different stages of the innovation chain.<\/p>\n<p>[\/et_pb_text][et_pb_divider admin_label=&#8221;Teiler&#8221; color=&#8221;#ffffff&#8221; show_divider=&#8221;off&#8221; \/][\/et_pb_column][et_pb_column type=&#8221;1_3&#8243;][\/et_pb_column][\/et_pb_row][et_pb_row][et_pb_column type=&#8221;2_3&#8243;][et_pb_text admin_label=&#8221;Projekt Biomedical Science&#8221; background_layout=&#8221;light&#8221; text_orientation=&#8221;left&#8221;]<\/p>\n<h3><strong>Project \u201cBiomedical Science\u201d<\/strong><\/h3>\n<p>This project seeked to break boundaries in biomedicine and bring the universities of Salzburg, Innsbruck and Linz closer together by fostering a proactive co-operation and bundling of competences. In addition to relevant training courses, new financing models and industry standards, work also focused on compiling a comprehensive pool of experts in the field of biomedical science.<\/p>\n<p>[\/et_pb_text][et_pb_divider admin_label=&#8221;Teiler&#8221; color=&#8221;#ffffff&#8221; show_divider=&#8221;off&#8221; \/][\/et_pb_column][et_pb_column type=&#8221;1_3&#8243;][\/et_pb_column][\/et_pb_row][et_pb_row][et_pb_column type=&#8221;2_3&#8243;][et_pb_text admin_label=&#8221;Projekt Geistes&#8221; background_layout=&#8221;light&#8221; text_orientation=&#8221;left&#8221;]<\/p>\n<h3><strong>Project \u201cDevelopment and exploitation of the arts, humanities and social and cultural sciences\u201d<\/strong><\/h3>\n<p>The WTZ West and its partners seeked to set new standards and open up fresh ways of thinking in the field of humanities by fostering an active exchange of ideas and sustainable co-operation. With a special focus on entrepreneurship and future-oriented copyright issues, this project tried to bring together universities and museums in sustainable projects for a joint exploitation of potentials. In addition, this project also included the development of a copyright guide with special consideration of open access topics.<\/p>\n<p>[\/et_pb_text][et_pb_divider admin_label=&#8221;Teiler&#8221; color=&#8221;#ffffff&#8221; show_divider=&#8221;off&#8221; \/][\/et_pb_column][et_pb_column type=&#8221;1_3&#8243;][\/et_pb_column][\/et_pb_row][et_pb_row][et_pb_column type=&#8221;2_3&#8243;][et_pb_text admin_label=&#8221;Projekt Awareness&#8221; background_layout=&#8221;light&#8221; text_orientation=&#8221;left&#8221;]<\/p>\n<h3><strong>Project \u201cAwareness &amp; accompanying measures\u201d<\/strong><\/h3>\n<p>This project constituted the organizational basis of the WTZ West, dealing with all administrative matters from network activities to communication, data management and process optimization. What\u2019s more, this project also dealed with the development of incentive schemes as well as with national and international networking. In addition to maintaining the virtual platform of the WTZ West, this project also tried to raise awareness among researchers.<\/p>\n<p>[\/et_pb_text][et_pb_divider admin_label=&#8221;Teiler&#8221; \/][\/et_pb_column][et_pb_column type=&#8221;1_3&#8243;][\/et_pb_column][\/et_pb_row][\/et_pb_section][et_pb_section][et_pb_row][et_pb_column type=&#8221;4_4&#8243;][et_pb_divider admin_label=&#8221;Teiler&#8221; color=&#8221;#ffffff&#8221; show_divider=&#8221;off&#8221; height=&#8221;50&#8243; \/][\/et_pb_column][\/et_pb_row][\/et_pb_section]<\/p>\n","protected":false},"excerpt":{"rendered":"<p>Projects The Knowledge Transfer Centre West focuses on five core areas, which we would like to introduce to you in this section. <\/p>\n<div class=\"et_pb_row et_pb_row_0 et_pb_row_empty\"><\/div>\n<p> <!-- .et_pb_row --> Thematic core areas of the WTZ West\u00a0 \/ Phase 3 This period will last from autumn 2022 until June 2024. It will deal with networking, internationalization, trainings, STEM and STEAM (Science, Technology, [&hellip;]<\/p>\n","protected":false},"author":5,"featured_media":0,"parent":4196,"menu_order":6,"comment_status":"closed","ping_status":"closed","template":"","meta":{"_et_pb_use_builder":"on","_et_pb_old_content":"<p>[et_pb_section fullwidth=\"on\" specialty=\"off\"][et_pb_fullwidth_slider admin_label=\"header\" show_arrows=\"off\" show_pagination=\"on\" auto=\"off\" parallax=\"on\" parallax_method=\"on\" module_class=\"slider_mit_text\"][et_pb_slide background_image=\"https:\/\/wtz-west.at\/wp-content\/uploads\/2015\/07\/Projekte.png\" background_color=\"#ffffff\" image=\"https:\/\/wtz-west.at\/wp-content\/uploads\/2015\/12\/logo_leer80.png\" alignment=\"bottom\" background_layout=\"light\" allow_player_pause=\"off\"]<\/p><h1><strong>Projekte<br \/> <\/strong><\/h1><p>Schwerpunktm\u00e4\u00dfig fallen die Aufgabengebiete des Wissenstransferzentrums West in sechs \u00fcbergeordnete Teilbereiche, die wir Ihnen hier kurz vorstellen.<\/p><p>[\/et_pb_slide][\/et_pb_fullwidth_slider][\/et_pb_section][et_pb_section fullwidth=\"off\" specialty=\"off\"][et_pb_row][et_pb_column type=\"2_3\"][et_pb_text admin_label=\"Einleitung\" background_layout=\"light\" text_orientation=\"left\"]<\/p><h2><strong>Thematische Schwerpunkte des WTZ West<br \/> <\/strong><\/h2><p>Eine der wichtigsten Aufgaben des WTZ West ist es, die Forschungst\u00e4tigkeiten der Universit\u00e4ten Salzburg, Innsbruck und Linz miteinander zu vernetzen, zu b\u00fcndeln und gemeinsam voranzutreiben. Im Besonderen sollen Verwertungs- und Optimierungspotentiale in folgenden Themenschwerpunkten erarbeitet werden:<\/p><p>[\/et_pb_text][et_pb_divider admin_label=\"Teiler\" \/][\/et_pb_column][et_pb_column type=\"1_3\"][\/et_pb_column][\/et_pb_row][et_pb_row][et_pb_column type=\"2_3\"][et_pb_text admin_label=\"Projekt Informationstechnologien\" background_layout=\"light\" text_orientation=\"left\"]<\/p><h3><strong>Projekt Informationstechnologien<\/strong><\/h3><p>Die Standorte Salzburg, Innsbruck und Linz arbeiten im Rahmen des WTZ gemeinsam an der optimalen Verwertung ihrer Informations- und Kommunikationstechnologien, besonders im Bereich Software. Neben der Konzeption von Verwertungsstrategien und Finanzierungsmodellen werden dabei vor allem auch gemeinsame Lehr- und Schulungsaktivit\u00e4ten in den Vordergrund gestellt.[\/et_pb_text][et_pb_divider admin_label=\"Teiler\" color=\"#ffffff\" show_divider=\"off\" \/][\/et_pb_column][et_pb_column type=\"1_3\"][\/et_pb_column][\/et_pb_row][et_pb_row][et_pb_column type=\"2_3\"][et_pb_text admin_label=\"Projekt Physical Science\" background_layout=\"light\" text_orientation=\"left\"]<\/p><h3><strong>Projekt Physical Science<\/strong><\/h3><p>Im Bereich Physical Science besch\u00e4ftigen sich die Partner des WTZ West mit der Etablierung von Innovationslabors (so genannten \u201eLiving Labs\u201c), um die Forschungs- und Transferaktivit\u00e4ten der drei Standorte zu f\u00f6rdern und zu unterst\u00fctzen. Hierzu soll auch ein modulares Transfermodell dienen, das die Phasen der Innovation Chain abbildet.<\/p><h3>\u00a0<\/h3><p>[\/et_pb_text][et_pb_divider admin_label=\"Teiler\" color=\"#ffffff\" show_divider=\"off\" \/][\/et_pb_column][et_pb_column type=\"1_3\"][\/et_pb_column][\/et_pb_row][et_pb_row][et_pb_column type=\"2_3\"][et_pb_text admin_label=\"Projekt Biomedical Science\" background_layout=\"light\" text_orientation=\"left\"]<\/p><h3><strong>Projekt Biomedical Science<\/strong><\/h3><p>Durch eine aktive Kooperation und B\u00fcndelung der vorhandenen Kompetenzen sollen auch im biomedizinischen Bereich Grenzen aufgebrochen und die Zusammenarbeit der Standorte Salzburg, Innsbruck und Linz vorangetrieben werden. Neben der Forcierung von fachrelevanten Schulungen und der Entwicklung neuer Finanzierungsmodelle und Industriestandards soll auch ein umfassender Expertenpool im Bereich Biomedical Science aufgebaut werden.<\/p><p>[\/et_pb_text][et_pb_divider admin_label=\"Teiler\" color=\"#ffffff\" show_divider=\"off\" \/][\/et_pb_column][et_pb_column type=\"1_3\"][\/et_pb_column][\/et_pb_row][et_pb_row][et_pb_column type=\"2_3\"][et_pb_text admin_label=\"Projekt Geistes\" background_layout=\"light\" text_orientation=\"left\"]<\/p><h3><strong>Projekt Geistes- und Sozialwissenschaften, Entwicklung und Erschlie\u00dfung der K\u00fcnste und Kunst<\/strong><\/h3><p>Auch im Geisteswissenschaftlichen Bereich m\u00f6chte das WTZ West gemeinsam mit seinen Partnern neue Standards setzen. Durch intensiven Austausch und nachhaltige Kooperationen soll gemeinsam Neuland entdeckt werden. Unter anderem widmet sich das Projekt den Bereichen Entrepreneurship und zukunftsorientierte Urheberrechtsfragen und strebt durch nachhaltige Kooperationen zwischen Universit\u00e4ten und Museen eine gemeinsame Nutzung vorhandener Potenziale an. Auch die Erstellung eines Urheberleitfadens unter besonderer Ber\u00fccksichtigung von Open Access ist Teil des Projektplans.<\/p><p>[\/et_pb_text][et_pb_divider admin_label=\"Teiler\" color=\"#ffffff\" show_divider=\"off\" \/][\/et_pb_column][et_pb_column type=\"1_3\"][\/et_pb_column][\/et_pb_row][et_pb_row][et_pb_column type=\"2_3\"][et_pb_text admin_label=\"Projekt Awareness\" background_layout=\"light\" text_orientation=\"left\"]<\/p><h3><strong>Projekt Awareness & Begleitma\u00dfnahmen<\/strong><\/h3><p>Das Projekt \u201eAwareness & Begleitma\u00dfnahmen\u201c stellt sozusagen die organisatorische S\u00e4ule des WTZ West dar. Hier laufen alle administrativen F\u00e4den zusammen: Netzwerkaktivit\u00e4ten, Kommunikation, Datenverwaltung und Prozessoptimierung geh\u00f6ren ebenso zu den Aufgaben wie die Ausarbeitung von Anreizsystemen und die Vernetzung auf nationaler sowie internationaler Ebene. Neben der Pflege der virtuellen Plattform des WTZ West soll vor allem auch die Bewusstseinsschaffung unter den Wissenschaftlern und Wissenschaftlerinnen produktiv vorangetrieben werden.[\/et_pb_text][et_pb_divider admin_label=\"Teiler\" \/][\/et_pb_column][et_pb_column type=\"1_3\"][\/et_pb_column][\/et_pb_row][\/et_pb_section][et_pb_section][et_pb_row][et_pb_column type=\"4_4\"][et_pb_divider admin_label=\"Teiler\" color=\"#ffffff\" show_divider=\"off\" height=\"50\" \/][\/et_pb_column][\/et_pb_row][\/et_pb_section]<\/p>","_et_gb_content_width":""},"_links":{"self":[{"href":"https:\/\/wtz-west.at\/en\/wp-json\/wp\/v2\/pages\/4203"}],"collection":[{"href":"https:\/\/wtz-west.at\/en\/wp-json\/wp\/v2\/pages"}],"about":[{"href":"https:\/\/wtz-west.at\/en\/wp-json\/wp\/v2\/types\/page"}],"author":[{"embeddable":true,"href":"https:\/\/wtz-west.at\/en\/wp-json\/wp\/v2\/users\/5"}],"replies":[{"embeddable":true,"href":"https:\/\/wtz-west.at\/en\/wp-json\/wp\/v2\/comments?post=4203"}],"version-history":[{"count":22,"href":"https:\/\/wtz-west.at\/en\/wp-json\/wp\/v2\/pages\/4203\/revisions"}],"predecessor-version":[{"id":7133,"href":"https:\/\/wtz-west.at\/en\/wp-json\/wp\/v2\/pages\/4203\/revisions\/7133"}],"up":[{"embeddable":true,"href":"https:\/\/wtz-west.at\/en\/wp-json\/wp\/v2\/pages\/4196"}],"wp:attachment":[{"href":"https:\/\/wtz-west.at\/en\/wp-json\/wp\/v2\/media?parent=4203"}],"curies":[{"name":"wp","href":"https:\/\/api.w.org\/{rel}","templated":true}]}}