{"id":4211,"date":"2017-07-03T13:16:04","date_gmt":"2017-07-03T11:16:04","guid":{"rendered":"http:\/\/wtz-west.at\/?page_id=4211"},"modified":"2023-03-10T15:23:06","modified_gmt":"2023-03-10T14:23:06","slug":"projektpartner","status":"publish","type":"page","link":"https:\/\/wtz-west.at\/en\/wtz-west\/projektpartner\/","title":{"rendered":"Project Partners"},"content":{"rendered":"<p>[et_pb_section fullwidth=&#8221;on&#8221; specialty=&#8221;off&#8221;][et_pb_fullwidth_slider admin_label=&#8221;header&#8221; show_arrows=&#8221;off&#8221; show_pagination=&#8221;on&#8221; auto=&#8221;off&#8221; parallax=&#8221;on&#8221; parallax_method=&#8221;on&#8221; module_class=&#8221;slider_mit_text&#8221;][et_pb_slide background_image=&#8221;https:\/\/wtz-west.at\/wp-content\/uploads\/2015\/07\/partner.png&#8221; background_color=&#8221;#ffffff&#8221; image=&#8221;https:\/\/wtz-west.at\/wp-content\/uploads\/2015\/12\/logo_leer80.png&#8221; alignment=&#8221;bottom&#8221; background_layout=&#8221;light&#8221; allow_player_pause=&#8221;off&#8221;]<\/p>\n<h1><strong>WTZ West project partners<\/strong><\/h1>\n<p>In this section, you can find all the WTZ West\u2019s universities and associated partners working towards opening up new knowledge horizons for your business.[\/et_pb_slide][\/et_pb_fullwidth_slider][\/et_pb_section][et_pb_section fullwidth=&#8221;off&#8221; specialty=&#8221;off&#8221;][et_pb_row][et_pb_column type=&#8221;2_3&#8243;][et_pb_text admin_label=&#8221;einleitung&#8221; background_layout=&#8221;light&#8221; text_orientation=&#8221;left&#8221;]<\/p>\n<h2><strong>Who is the WTZ West?<\/strong><\/h2>\n<p>Generating knowledge and making it accessible to the public in a profitable way \u2013 in a nutshell, that\u2019s the mission of the project partners united by the Knowledge Transfer Centre West. The universities of Salzburg, Innsbruck, Kufstein, Wels, Hagenberg and Linz seek to drive a new culture of knowledge transfer and shared potentials that not only the project partners but also society and industry will benefit from.<\/p>\n<p>You would like to know more about the individual project members?<br \/>\nIn this section, you can find out about the participating partners of the WTZ West:<\/p>\n<p>[\/et_pb_text][\/et_pb_column][et_pb_column type=&#8221;1_3&#8243;][\/et_pb_column][\/et_pb_row][et_pb_row][et_pb_column type=&#8221;2_3&#8243;][et_pb_text admin_label=&#8221;projektpartner&#8221; background_layout=&#8221;light&#8221; text_orientation=&#8221;left&#8221;]<\/p>\n<h3><strong>Universities<\/strong><\/h3>\n<ul>\n<li><a href=\"https:\/\/www.uibk.ac.at\/\" target=\"_blank\" rel=\"noopener\">University of Innsbruck<\/a> (project coordination)<\/li>\n<li><a href=\"https:\/\/www.i-med.ac.at\/mypoint\/\" target=\"_Blank\" rel=\"noopener\">Medical University Innsbruck<\/a><\/li>\n<li><a href=\"http:\/\/www.uni-salzburg.at\/\" target=\"_Blank\" rel=\"noopener\">Paris Lodron University of Salzburg<\/a><\/li>\n<li><a href=\"http:\/\/uni-mozarteum.at\/\" target=\"_Blank\" rel=\"noopener\">Mozarteum University Salzburg<\/a><\/li>\n<li><a href=\"http:\/\/www.ufg.ac.at\/\">University of Arts and Industrial Design Linz<\/a><\/li>\n<li><a href=\"http:\/\/www.jku.at\/\" target=\"_Blank\" rel=\"noopener\">Johannes Kepler University Linz<\/a><\/li>\n<\/ul>\n<h3><\/h3>\n<h3><strong>Universities of Applied Sciences<\/strong><\/h3>\n<ul>\n<li><a href=\"https:\/\/www.mci.edu\" target=\"_blank\" rel=\"noopener\">MCI &#8211; The Entrepreneurial School<\/a><\/li>\n<li><a href=\"https:\/\/www.fh-kufstein.ac.at\/\" target=\"_blank\" rel=\"noopener\">University of Applied Sciences Kufstein<\/a><\/li>\n<li><a href=\"https:\/\/www.fh-salzburg.ac.at\/\" target=\"_blank\" rel=\"noopener\">Salzburg University of Applied Sciences<\/a><\/li>\n<li><a href=\"https:\/\/www.fh-ooe.at\/\" target=\"_blank\" rel=\"noopener\">University of Applied Sciences Upper Austria<\/a><\/li>\n<\/ul>\n<p><a href=\"https:\/\/wtz-west.at\/en\/technologietransfer\/kompetenzen-wtzwest\/\">Competences and technology offers of our partner universities <\/a><\/p>\n<h3><\/h3>\n<h3><strong>Other\u00a0partners<\/strong><\/h3>\n<p><strong>Austrian Knowledge Transfer Centres<\/strong><br \/>\nAustria has three regional <a href=\"http:\/\/www.wtz.ac.at\/\" target=\"_blank\" rel=\"noopener\">Austrian Knowledge Transfer Centres<\/a> all founded in 2014. In addition to the WTZ West, our mission is supported by the <a href=\"http:\/\/www.wtz-ost.at\" target=\"_blank\" rel=\"noopener\">Knowledge Transfer Centre East<\/a> sowie das <a href=\"http:\/\/www.wtz-sued.at\" target=\"_blank\" rel=\"noopener\">Knowledge Transfer Centre South<\/a>.<\/p>\n<p><strong>Grantors<\/strong><br \/>\nThe Knowledge Transfer Centre West is supported by <a href=\"http:\/\/www.awsg.at\" target=\"_blank\" rel=\"noopener\">austria wirtschaftsservice<\/a> and the <a href=\"http:\/\/www.stiftung-fte.at\/\" target=\"_blank\" rel=\"noopener\">Nationalstiftung f\u00fcr Forschung, Technologie und Innovation<\/a>.<\/p>\n<p>[\/et_pb_text][\/et_pb_column][et_pb_column type=&#8221;1_3&#8243;][\/et_pb_column][\/et_pb_row][\/et_pb_section][et_pb_section][et_pb_row][et_pb_column type=&#8221;4_4&#8243;][et_pb_divider admin_label=&#8221;Teiler&#8221; color=&#8221;#ffffff&#8221; show_divider=&#8221;off&#8221; height=&#8221;25&#8243; \/][\/et_pb_column][\/et_pb_row][\/et_pb_section]<\/p>\n","protected":false},"excerpt":{"rendered":"<p>WTZ West project partners In this section, you can find all the WTZ West\u2019s universities and associated partners working towards opening up new knowledge horizons for your business.<\/p>\n<div class=\"et_pb_row et_pb_row_0 et_pb_row_empty\"><\/div>\n<p> <!-- .et_pb_row --> Who is the WTZ West? Generating knowledge and making it accessible to the public in a profitable way \u2013 in a nutshell, that\u2019s the mission of the [&hellip;]<\/p>\n","protected":false},"author":5,"featured_media":0,"parent":4196,"menu_order":6,"comment_status":"closed","ping_status":"closed","template":"","meta":{"_et_pb_use_builder":"on","_et_pb_old_content":"<p>[et_pb_section fullwidth=\"on\" specialty=\"off\"][et_pb_fullwidth_slider admin_label=\"header\" show_arrows=\"off\" show_pagination=\"on\" auto=\"off\" parallax=\"on\" parallax_method=\"on\" module_class=\"slider_mit_text\"][et_pb_slide background_image=\"https:\/\/wtz-west.at\/wp-content\/uploads\/2015\/07\/partner.png\" background_color=\"#ffffff\" image=\"https:\/\/wtz-west.at\/wp-content\/uploads\/2015\/12\/logo_leer80.png\" alignment=\"bottom\" background_layout=\"light\" allow_player_pause=\"off\"]<\/p><h1><strong>Projektpartner des WTZ West<\/strong><\/h1><p>Hier finden Sie alle Universit\u00e4ten und assoziierten Partner, die sich im Wissenstransferzentrum West zusammengeschlossen haben, um auch Ihrem Unternehmen neue Wissenshorizonte zu er\u00f6ffnen.[\/et_pb_slide][\/et_pb_fullwidth_slider][\/et_pb_section][et_pb_section fullwidth=\"off\" specialty=\"off\"][et_pb_row][et_pb_column type=\"2_3\"][et_pb_text admin_label=\"einleitung\" background_layout=\"light\" text_orientation=\"left\"]<\/p><h2><strong>Wer steht hinter dem WTZ West? <\/strong><\/h2><p>Gemeinsam Wissen schaffen und dieses f\u00fcr beide Seiten so gewinnbringend wie m\u00f6glich auch der \u00d6ffentlichkeit zug\u00e4nglich machen \u2013 dieses Ziel haben sich die Projektpartner des Wissenstransferzentrum West gemeinsam auf ihre Fahne geheftet. Im Zusammenschluss der Universit\u00e4tsstandorte Salzburg, Innsbruck und Linz sowie deren assoziierter Partner soll so eine gemeinsame Kultur des Wissenstransfers und der gegenseitigen Nutzung von Potenzialen wachsen, von der sowohl alle Beteiligten des WTZ West als auch Gesellschaft und Wirtschaft profitieren.<\/p><p>Sie m\u00f6chten mehr \u00fcber die Projektbeteiligten wissen? Hier finden Sie die teilnehmenden Universit\u00e4ten und Partner des WTZ West!<\/p><p>[\/et_pb_text][\/et_pb_column][et_pb_column type=\"1_3\"][\/et_pb_column][\/et_pb_row][et_pb_row][et_pb_column type=\"2_3\"][et_pb_text admin_label=\"projektpartner\" background_layout=\"light\" text_orientation=\"left\"]<\/p><h3><strong>Universit\u00e4ten<\/strong><\/h3><ul><li><a href=\"http:\/\/www.uibk.ac.at\/\" target=\"_blank\">Leopold-Franzens-Universit\u00e4t Innsbruck<\/a> (Koordination)<\/li><li><a href=\"https:\/\/www.i-med.ac.at\/mypoint\/\" target=\"_Blank\">Medizinische Universit\u00e4t Innsbruck<\/a><\/li><li><a href=\"http:\/\/www.uni-salzburg.at\/\" target=\"_Blank\">Paris Lodron Universit\u00e4t Salzburg<\/a><\/li><li><a href=\"http:\/\/uni-mozarteum.at\/\" target=\"_Blank\">Universit\u00e4t Mozarteum Salzburg<\/a><\/li><li><a href=\"http:\/\/www.jku.at\/\" target=\"_Blank\">Johannes Kepler Universit\u00e4t Linz<\/a><\/li><li><a href=\"http:\/\/www.ufg.ac.at\/\">Universit\u00e4t f\u00fcr k\u00fcnstlerische und industrielle Gestaltung Linz<\/a><\/li><\/ul><p><a href=\"https:\/\/wtz-west.at\/technologietransfer\/kompetenzen-wtzwest\/\">Kompetenzen und Technologieangebote der Partneruniversit\u00e4ten<\/a><\/p><h3><strong>Assoziierte Partner\u00a0<\/strong><\/h3><ul><li><a href=\"https:\/\/www.mci.edu\" target=\"_Blank\">MCI - Management Center Innsbruck<\/a><\/li><li><a href=\"http:\/\/www.cast-tyrol.com\/\" target=\"_Blank\">CAST - Center for Academic Spin-Offs Tyrol GmbH<br \/> <\/a><\/li><li><a href=\"http:\/\/www.tech2b.at\/\" target=\"_blank\">tech2B Inkubator GmbH<\/a><\/li><\/ul><h3><strong>Weitere Partner<\/strong><\/h3><p><strong>TechnologieAllianz<\/strong><br \/> Das Wissenstransferzentrum West ist offizielles Mitglied der TechnologieAllianz. Diese vereinigt Patent-, Verwertungs- und Technologietransfer-Agenturen in einem fl\u00e4chendeckenden Verbund, der \u00fcber 200 wissenschaftliche Einrichtungen repr\u00e4sentiert. Die Mitglieder der TechnologieAllianz unterst\u00fctzen sich gegenseitig bei dem Transfer von \u2013 in der Regel patentrechtlich gesch\u00fctzten \u2013 Technologien aus der Wissenschaft in die Wirtschaft. Weitere Informationen finden Sie auf <a href=\"http:\/\/www.technologieallianz.de\" target=\"_blank\">http:\/\/www.technologieallianz.de<\/a><\/p><p><strong>\u00d6sterreichische Wissenstransferzentren<\/strong><br \/> Seit August 2014 gibt es in \u00d6sterreich drei regionale <a href=\"http:\/\/www.wtz.ac.at\/\" target=\"_blank\">Wissenstransferzentren<\/a> \u2013 neben dem WTZ West unterst\u00fctzen unsere gemeinsame Mission auch noch das <a href=\"http:\/\/www.wtz-ost.at\" target=\"_blank\">Wissenstransferzentrum Ost<\/a> sowie das <a href=\"http:\/\/www.wtz-sued.at\" target=\"_blank\">Wissenstransferzentrum S\u00fcd<\/a>.<\/p><p><strong>Startup Salzburg<br \/> <\/strong>Die Initiative <a href=\"http:\/\/www.facebook.com\/startupsalzburg\">Startup Salzburg<\/a> sp\u00fcrt Gr\u00fcnderinnen und Gr\u00fcnder mit innovativen Ideen auf und unterst\u00fctzt sie auf dem Weg in die Selbstst\u00e4ndigkeit.<\/p><p><strong>F\u00f6rdergeber<\/strong><br \/> Das Wissenstransferzentrum West wird unterst\u00fctzt vom <a href=\"http:\/\/www.awsg.at\" target=\"_blank\">austria wirtschaftsservice<\/a> und dem <a href=\"http:\/\/www.bmwfw.gv.at\" target=\"_blank\">Bundesministerium f\u00fcr Wissenschaft, Forschung und Wirtschaft<\/a>.<\/p><p>[\/et_pb_text][\/et_pb_column][et_pb_column type=\"1_3\"][\/et_pb_column][\/et_pb_row][\/et_pb_section][et_pb_section][et_pb_row][et_pb_column type=\"4_4\"][et_pb_divider admin_label=\"Teiler\" color=\"#ffffff\" show_divider=\"off\" height=\"25\" \/][\/et_pb_column][\/et_pb_row][\/et_pb_section]<\/p>","_et_gb_content_width":""},"_links":{"self":[{"href":"https:\/\/wtz-west.at\/en\/wp-json\/wp\/v2\/pages\/4211"}],"collection":[{"href":"https:\/\/wtz-west.at\/en\/wp-json\/wp\/v2\/pages"}],"about":[{"href":"https:\/\/wtz-west.at\/en\/wp-json\/wp\/v2\/types\/page"}],"author":[{"embeddable":true,"href":"https:\/\/wtz-west.at\/en\/wp-json\/wp\/v2\/users\/5"}],"replies":[{"embeddable":true,"href":"https:\/\/wtz-west.at\/en\/wp-json\/wp\/v2\/comments?post=4211"}],"version-history":[{"count":25,"href":"https:\/\/wtz-west.at\/en\/wp-json\/wp\/v2\/pages\/4211\/revisions"}],"predecessor-version":[{"id":7175,"href":"https:\/\/wtz-west.at\/en\/wp-json\/wp\/v2\/pages\/4211\/revisions\/7175"}],"up":[{"embeddable":true,"href":"https:\/\/wtz-west.at\/en\/wp-json\/wp\/v2\/pages\/4196"}],"wp:attachment":[{"href":"https:\/\/wtz-west.at\/en\/wp-json\/wp\/v2\/media?parent=4211"}],"curies":[{"name":"wp","href":"https:\/\/api.w.org\/{rel}","templated":true}]}}