{"id":4337,"date":"2017-07-07T17:04:17","date_gmt":"2017-07-07T15:04:17","guid":{"rendered":"http:\/\/wtz-west.at\/?page_id=4337\/"},"modified":"2023-03-29T13:52:30","modified_gmt":"2023-03-29T11:52:30","slug":"technologietransfer","status":"publish","type":"page","link":"https:\/\/wtz-west.at\/en\/technologietransfer\/","title":{"rendered":"Technology Transfer"},"content":{"rendered":"<p>[et_pb_section fb_built=&#8221;1&#8243; fullwidth=&#8221;on&#8221; _builder_version=&#8221;3.22&#8243; global_colors_info=&#8221;{}&#8221;][et_pb_fullwidth_slider show_arrows=&#8221;off&#8221; admin_label=&#8221;header&#8221; module_class=&#8221;slider_mit_text&#8221; _builder_version=&#8221;3.16&#8243; parallax=&#8221;on&#8221; parallax_method=&#8221;on&#8221; custom_padding=&#8221;|||&#8221; custom_padding_tablet=&#8221;|||&#8221; custom_padding_phone=&#8221;|||&#8221; box_shadow_style=&#8221;preset6&#8243; box_shadow_blur=&#8221;10px&#8221; box_shadow_color=&#8221;rgba(0,0,0,0.1)&#8221; show_inner_shadow=&#8221;on&#8221; global_colors_info=&#8221;{}&#8221; button_text_size__hover_enabled=&#8221;off&#8221; button_one_text_size__hover_enabled=&#8221;off&#8221; button_two_text_size__hover_enabled=&#8221;off&#8221; button_text_color__hover_enabled=&#8221;off&#8221; button_one_text_color__hover_enabled=&#8221;off&#8221; button_two_text_color__hover_enabled=&#8221;off&#8221; button_border_width__hover_enabled=&#8221;off&#8221; button_one_border_width__hover_enabled=&#8221;off&#8221; button_two_border_width__hover_enabled=&#8221;off&#8221; button_border_color__hover_enabled=&#8221;off&#8221; button_one_border_color__hover_enabled=&#8221;off&#8221; button_two_border_color__hover_enabled=&#8221;off&#8221; button_border_radius__hover_enabled=&#8221;off&#8221; button_one_border_radius__hover_enabled=&#8221;off&#8221; button_two_border_radius__hover_enabled=&#8221;off&#8221; button_letter_spacing__hover_enabled=&#8221;off&#8221; button_one_letter_spacing__hover_enabled=&#8221;off&#8221; button_two_letter_spacing__hover_enabled=&#8221;off&#8221; button_bg_color__hover_enabled=&#8221;off&#8221; button_one_bg_color__hover_enabled=&#8221;off&#8221; button_two_bg_color__hover_enabled=&#8221;off&#8221;][et_pb_slide image=&#8221;https:\/\/wtz-west.at\/wp-content\/uploads\/2015\/12\/logo_leer80.png&#8221; alignment=&#8221;bottom&#8221; _builder_version=&#8221;3.16&#8243; background_color=&#8221;#ffffff&#8221; background_image=&#8221;https:\/\/wtz-west.at\/wp-content\/uploads\/2015\/12\/kompetenzen1.png&#8221; background_layout=&#8221;light&#8221; global_colors_info=&#8221;{}&#8221; sticky_transition=&#8221;on&#8221; button_text_size__hover_enabled=&#8221;off&#8221; button_one_text_size__hover_enabled=&#8221;off&#8221; button_two_text_size__hover_enabled=&#8221;off&#8221; button_text_color__hover_enabled=&#8221;off&#8221; button_one_text_color__hover_enabled=&#8221;off&#8221; button_two_text_color__hover_enabled=&#8221;off&#8221; button_border_width__hover_enabled=&#8221;off&#8221; button_one_border_width__hover_enabled=&#8221;off&#8221; button_two_border_width__hover_enabled=&#8221;off&#8221; button_border_color__hover_enabled=&#8221;off&#8221; button_one_border_color__hover_enabled=&#8221;off&#8221; button_two_border_color__hover_enabled=&#8221;off&#8221; button_border_radius__hover_enabled=&#8221;off&#8221; button_one_border_radius__hover_enabled=&#8221;off&#8221; button_two_border_radius__hover_enabled=&#8221;off&#8221; button_letter_spacing__hover_enabled=&#8221;off&#8221; button_one_letter_spacing__hover_enabled=&#8221;off&#8221; button_two_letter_spacing__hover_enabled=&#8221;off&#8221; button_bg_color__hover_enabled=&#8221;off&#8221; button_one_bg_color__hover_enabled=&#8221;off&#8221; button_two_bg_color__hover_enabled=&#8221;off&#8221;]<\/p>\n<h1 style=\"text-align: left;\"><strong>Technology transfer<\/strong><\/h1>\n<p>The WTZ West supports joint projects of universities and companies. Discover new knowledge horizons for your business together with our project partners![\/et_pb_slide][\/et_pb_fullwidth_slider][\/et_pb_section][et_pb_section fb_built=&#8221;1&#8243; _builder_version=&#8221;3.22&#8243; global_colors_info=&#8221;{}&#8221;][et_pb_row _builder_version=&#8221;3.25&#8243; background_size=&#8221;initial&#8221; background_position=&#8221;top_left&#8221; background_repeat=&#8221;repeat&#8221; global_colors_info=&#8221;{}&#8221;][et_pb_column type=&#8221;4_4&#8243; _builder_version=&#8221;3.25&#8243; custom_padding=&#8221;|||&#8221; global_colors_info=&#8221;{}&#8221; custom_padding__hover=&#8221;|||&#8221;][et_pb_text admin_label=&#8221;text&#8221; _builder_version=&#8221;3.27.4&#8243; background_size=&#8221;initial&#8221; background_position=&#8221;top_left&#8221; background_repeat=&#8221;repeat&#8221; global_colors_info=&#8221;{}&#8221;]<\/p>\n<h2><strong>Science meets economy<br \/>\n<\/strong><\/h2>\n<p>As a special focus, the WTZ West aims to bridge the gap between science and economy, with trend-setting joint projects being the key to making the huge knowledge pool of university research accessible for industry and economy.<\/p>\n<p>Our goal is to support companies with specific business questions, bringing them into touch with the right researchers for their problem at no additional cost. Through joint research projects, we aim to open up new knowledge horizons for Austrian companies. Why not make use of Austria\u2019s research excellence for your business too?<br \/>\n[\/et_pb_text][\/et_pb_column][\/et_pb_row][et_pb_row _builder_version=&#8221;3.25&#8243; background_size=&#8221;initial&#8221; background_position=&#8221;top_left&#8221; background_repeat=&#8221;repeat&#8221; global_colors_info=&#8221;{}&#8221; column_structure=&#8221;1_5,1_5,1_5,1_5,1_5&#8243;][et_pb_column type=&#8221;1_5&#8243; _builder_version=&#8221;3.25&#8243; custom_padding=&#8221;|||&#8221; global_colors_info=&#8221;{}&#8221; custom_padding__hover=&#8221;|||&#8221;][et_pb_image src=&#8221;https:\/\/wtz-west.at\/wp-content\/uploads\/2015\/12\/IconKompetenzen1.png&#8221; alt=&#8221;Kompetenzen&#8221; url=&#8221;https:\/\/wtz-west.at\/en\/technologietransfer\/kompetenzen-und-technologieangebote\/&#8221; align_tablet=&#8221;center&#8221; align_last_edited=&#8221;on|desktop&#8221; admin_label=&#8221;Bild Kompetenzen&#8221; _builder_version=&#8221;3.23&#8243; animation=&#8221;off&#8221; sticky=&#8221;off&#8221; global_colors_info=&#8221;{}&#8221;][\/et_pb_image][et_pb_text admin_label=&#8221;Text Kompetenzen&#8221; _builder_version=&#8221;3.27.4&#8243; background_size=&#8221;initial&#8221; background_position=&#8221;top_left&#8221; background_repeat=&#8221;repeat&#8221; global_colors_info=&#8221;{}&#8221;]<strong><a href=\"https:\/\/wtz-west.at\/en\/technologietransfer\/kompetenzen-und-technologieangebote\/\">Competences<br \/>\n<\/a><\/strong>Find out about the core competences of our project partners<br \/>\n[\/et_pb_text][\/et_pb_column][et_pb_column type=&#8221;1_5&#8243; _builder_version=&#8221;3.25&#8243; custom_padding=&#8221;|||&#8221; global_colors_info=&#8221;{}&#8221; custom_padding__hover=&#8221;|||&#8221;][\/et_pb_column][et_pb_column _builder_version=&#8221;4.9.11&#8243; _module_preset=&#8221;default&#8221; type=&#8221;1_5&#8243;][et_pb_image src=&#8221;https:\/\/wtz-west.at\/wp-content\/uploads\/2015\/12\/IconTechnologien1.png&#8221; alt=&#8221;Kontakt&#8221; title_text=&#8221;Bild Kontakt&#8221; url=&#8221;https:\/\/wtz-west.at\/en\/technologietransfer\/kontakt&#8221; align_tablet=&#8221;center&#8221; align_last_edited=&#8221;on|desktop&#8221; admin_label=&#8221;Bild Kontakt&#8221; _builder_version=&#8221;3.23&#8243; animation=&#8221;off&#8221; sticky=&#8221;off&#8221; global_colors_info=&#8221;{}&#8221;][\/et_pb_image][et_pb_text admin_label=&#8221;Text Technologien&#8221; _builder_version=&#8221;3.27.4&#8243; background_size=&#8221;initial&#8221; background_position=&#8221;top_left&#8221; background_repeat=&#8221;repeat&#8221; global_colors_info=&#8221;{}&#8221;]<strong><a href=\"https:\/\/wtz-west.at\/en\/kontakt\/\">Contact<\/a><br \/>\n<\/strong>You have a specific research request? We are looking forward to hearing from you!<br \/>\n[\/et_pb_text][\/et_pb_column][et_pb_column _builder_version=&#8221;4.9.11&#8243; _module_preset=&#8221;default&#8221; type=&#8221;1_5&#8243;][\/et_pb_column][et_pb_column type=&#8221;1_5&#8243; _builder_version=&#8221;3.25&#8243; custom_padding=&#8221;|||&#8221; global_colors_info=&#8221;{}&#8221; custom_padding__hover=&#8221;|||&#8221;][\/et_pb_column][\/et_pb_row][\/et_pb_section][et_pb_section fb_built=&#8221;1&#8243; _builder_version=&#8221;3.22&#8243; global_colors_info=&#8221;{}&#8221;][et_pb_row _builder_version=&#8221;3.25&#8243; background_size=&#8221;initial&#8221; background_position=&#8221;top_left&#8221; background_repeat=&#8221;repeat&#8221; global_colors_info=&#8221;{}&#8221;][et_pb_column type=&#8221;4_4&#8243; _builder_version=&#8221;3.25&#8243; custom_padding=&#8221;|||&#8221; global_colors_info=&#8221;{}&#8221; custom_padding__hover=&#8221;|||&#8221;][et_pb_divider show_divider=&#8221;off&#8221; disabled_on=&#8221;on|on|off&#8221; admin_label=&#8221;Teiler&#8221; _builder_version=&#8221;3.23.4&#8243; height=&#8221;25px&#8221; global_colors_info=&#8221;{}&#8221;][\/et_pb_divider][\/et_pb_column][\/et_pb_row][\/et_pb_section]<\/p>\n","protected":false},"excerpt":{"rendered":"<p>Technology transfer The WTZ West supports joint projects of universities and companies. Discover new knowledge horizons for your business together with our project partners!Science meets economy As a special focus, the WTZ West aims to bridge the gap between science and economy, with trend-setting joint projects being the key to making the huge knowledge pool [&hellip;]<\/p>\n","protected":false},"author":5,"featured_media":0,"parent":0,"menu_order":9,"comment_status":"closed","ping_status":"closed","template":"","meta":{"_et_pb_use_builder":"on","_et_pb_old_content":"<p>[et_pb_section fullwidth=\"on\" specialty=\"off\"][et_pb_fullwidth_slider admin_label=\"header\" show_arrows=\"off\" show_pagination=\"on\" auto=\"off\" parallax=\"on\" parallax_method=\"on\" module_class=\"slider_mit_text\"][et_pb_slide background_image=\"https:\/\/wtz-west.at\/wp-content\/uploads\/2015\/12\/kompetenzen1.png\" background_color=\"#ffffff\" alignment=\"bottom\" background_layout=\"light\" allow_player_pause=\"off\" image=\"https:\/\/wtz-west.at\/wp-content\/uploads\/2015\/12\/logo_leer80.png\"]<\/p><h1 style=\"text-align: left;\"><strong>Technologietransfer<\/strong><\/h1><p>Das WTZ West unterst\u00fctzt Kooperationen zwischen Universit\u00e4t und Unternehmen \u2013 entdecken auch Sie gemeinsam mit unseren Projektpartnern neue Wissenshorizonte f\u00fcr Ihren Betrieb!<\/p><p>[\/et_pb_slide][\/et_pb_fullwidth_slider][\/et_pb_section][et_pb_section][et_pb_row][et_pb_column type=\"2_3\"][et_pb_text admin_label=\"text\" background_layout=\"light\" text_orientation=\"left\"]<\/p><h2><strong>Wissenschaft trifft Wirtschaft<br \/> <\/strong><\/h2><p>Ein spezieller Schwerpunkt des WTZ West ist der Br\u00fcckenschlag zwischen Wissenschaft und Wirtschaft. Durch zukunftsweisende Kooperationen soll der enorme Wissens-Pool der universit\u00e4ren Forschung auch unmittelbar f\u00fcr Industrie und Wirtschaft verf\u00fcgbar gemacht werden.<\/p><p>Unser Ziel ist es, Unternehmen bei spezifischen betrieblichen Problemstellungen zu unterst\u00fctzen und kostenlos den Kontakt zwischen Unternehmen und ForscherInnen herzustellen. Durch gezielte Forschungskooperationen sollen \u00f6sterreichischen Unternehmen so neue Wissenshorizonte er\u00f6ffnet werden \u2013 damit auch Ihr Unternehmen von \u00d6sterreichs herausragendsten wissenschaftlichen Leistungen profitieren kann!<\/p><p>\u00a0<\/p><p>[\/et_pb_text][\/et_pb_column][et_pb_column type=\"1_3\"][\/et_pb_column][\/et_pb_row][et_pb_row][et_pb_column type=\"1_3\"][et_pb_image admin_label=\"Bild Kompetenzen\" src=\"https:\/\/wtz-west.at\/wp-content\/uploads\/2015\/12\/IconKompetenzen1.png\" alt=\"Kompetenzen\" show_in_lightbox=\"off\" url=\"https:\/\/wtz-west.at\/technologietransfer\/kompetenzen-wtzwest\/\" url_new_window=\"off\" animation=\"off\" sticky=\"off\" \/][et_pb_text admin_label=\"Text Kompetenzen\" background_layout=\"light\" text_orientation=\"left\"]<\/p><p><strong><a href=\"https:\/\/wtz-west.at\/technologietransfer\/kompetenzen-wtzwest\/\">Kompetenzen<br \/> <\/a><\/strong>Erhalten Sie einen Einblick in die Kernkompetenzen unserer Projektpartner<\/p><p>[\/et_pb_text][\/et_pb_column][et_pb_column type=\"1_3\"][et_pb_image admin_label=\"Bild Kooperationen\" src=\"https:\/\/wtz-west.at\/wp-content\/uploads\/2015\/12\/IconKooperationen1.png\" alt=\"Kooperationen\" title_text=\"Kooperationen\" show_in_lightbox=\"off\" url=\"https:\/\/wtz-west.at\/technologietransfer\/kooperationen\/\" url_new_window=\"off\" animation=\"off\" sticky=\"off\" \/][et_pb_text admin_label=\"Text Kooperationen\" background_layout=\"light\" text_orientation=\"left\"]<\/p><p><strong><a href=\"https:\/\/wtz-west.at\/technologietransfer\/kooperationen\/\">Kooperationen<br \/> <\/a><\/strong>Machen Sie sich ein Bild von der Bandbreite an Kooperationsm\u00f6glichkeiten mit externen Partnern<\/p><p>[\/et_pb_text][\/et_pb_column][et_pb_column type=\"1_3\"][\/et_pb_column][\/et_pb_row][et_pb_row][et_pb_column type=\"4_4\"][et_pb_divider admin_label=\"Teiler\" color=\"#ffffff\" show_divider=\"off\" \/][\/et_pb_column][\/et_pb_row][et_pb_row][et_pb_column type=\"1_3\"][et_pb_image admin_label=\"Bild FAQs\" src=\"https:\/\/wtz-west.at\/wp-content\/uploads\/2015\/12\/IconFaqsKlein.png\" alt=\"FAQs\" title_text=\"FAQs\" show_in_lightbox=\"off\" url=\"https:\/\/wtz-west.at\/technologietransfer\/frequently-asked-questions\/\" url_new_window=\"off\" animation=\"off\" sticky=\"off\" \/][et_pb_text admin_label=\"Text FAQs\" background_layout=\"light\" text_orientation=\"left\"]<\/p><p><strong><a href=\"https:\/\/wtz-west.at\/technologietransfer\/frequently-asked-questions\/\">FAQs<br \/> <\/a><\/strong>Die wichtigsten Fragen und Antworten zum Thema Technologietransfer<\/p><p>[\/et_pb_text][\/et_pb_column][et_pb_column type=\"1_3\"][et_pb_image admin_label=\"Bild Kontakt\" src=\"https:\/\/wtz-west.at\/wp-content\/uploads\/2015\/12\/IconTechnologien1.png\" alt=\"Kontakt\" title_text=\"Bild Kontakt\" show_in_lightbox=\"off\" url=\"https:\/\/wtz-west.at\/technologietransfer\/kontakt\" url_new_window=\"off\" animation=\"off\" sticky=\"off\" \/][et_pb_text admin_label=\"Text Technologien\" background_layout=\"light\" text_orientation=\"left\"]<\/p><p><strong><a href=\"https:\/\/wtz-west.at\/kontakt\/\">Kontakt<\/a><br \/> <\/strong>Sie haben eine konkrete Forschungsanfrage? Wir freuen uns, von Ihnen zu h\u00f6ren!<\/p><p>[\/et_pb_text][\/et_pb_column][et_pb_column type=\"1_3\"][\/et_pb_column][\/et_pb_row][\/et_pb_section][et_pb_section][et_pb_row][et_pb_column type=\"4_4\"][et_pb_divider admin_label=\"Teiler\" color=\"#ffffff\" show_divider=\"off\" height=\"25\" \/][\/et_pb_column][\/et_pb_row][\/et_pb_section]<\/p>","_et_gb_content_width":""},"_links":{"self":[{"href":"https:\/\/wtz-west.at\/en\/wp-json\/wp\/v2\/pages\/4337"}],"collection":[{"href":"https:\/\/wtz-west.at\/en\/wp-json\/wp\/v2\/pages"}],"about":[{"href":"https:\/\/wtz-west.at\/en\/wp-json\/wp\/v2\/types\/page"}],"author":[{"embeddable":true,"href":"https:\/\/wtz-west.at\/en\/wp-json\/wp\/v2\/users\/5"}],"replies":[{"embeddable":true,"href":"https:\/\/wtz-west.at\/en\/wp-json\/wp\/v2\/comments?post=4337"}],"version-history":[{"count":15,"href":"https:\/\/wtz-west.at\/en\/wp-json\/wp\/v2\/pages\/4337\/revisions"}],"predecessor-version":[{"id":7300,"href":"https:\/\/wtz-west.at\/en\/wp-json\/wp\/v2\/pages\/4337\/revisions\/7300"}],"wp:attachment":[{"href":"https:\/\/wtz-west.at\/en\/wp-json\/wp\/v2\/media?parent=4337"}],"curies":[{"name":"wp","href":"https:\/\/api.w.org\/{rel}","templated":true}]}}