{"id":4405,"date":"2017-07-11T10:58:11","date_gmt":"2017-07-11T08:58:11","guid":{"rendered":"http:\/\/wtz-west.at\/?page_id=4405\/"},"modified":"2023-03-29T15:32:19","modified_gmt":"2023-03-29T13:32:19","slug":"agbs","status":"publish","type":"page","link":"https:\/\/wtz-west.at\/en\/kontakt\/agbs\/","title":{"rendered":"General Terms and Conditions GTC"},"content":{"rendered":"<p>[et_pb_section fb_built=&#8221;1&#8243; fullwidth=&#8221;on&#8221; _builder_version=&#8221;3.22&#8243; global_colors_info=&#8221;{}&#8221;][et_pb_fullwidth_slider show_arrows=&#8221;off&#8221; admin_label=&#8221;header&#8221; module_class=&#8221;slider_mit_text&#8221; _builder_version=&#8221;3.16&#8243; parallax=&#8221;on&#8221; parallax_method=&#8221;on&#8221; custom_padding=&#8221;|||&#8221; custom_padding_tablet=&#8221;|||&#8221; custom_padding_phone=&#8221;|||&#8221; box_shadow_style=&#8221;preset6&#8243; box_shadow_blur=&#8221;10px&#8221; box_shadow_color=&#8221;rgba(0,0,0,0.1)&#8221; show_inner_shadow=&#8221;on&#8221; global_colors_info=&#8221;{}&#8221; button_text_size__hover_enabled=&#8221;off&#8221; button_one_text_size__hover_enabled=&#8221;off&#8221; button_two_text_size__hover_enabled=&#8221;off&#8221; button_text_color__hover_enabled=&#8221;off&#8221; button_one_text_color__hover_enabled=&#8221;off&#8221; button_two_text_color__hover_enabled=&#8221;off&#8221; button_border_width__hover_enabled=&#8221;off&#8221; button_one_border_width__hover_enabled=&#8221;off&#8221; button_two_border_width__hover_enabled=&#8221;off&#8221; button_border_color__hover_enabled=&#8221;off&#8221; button_one_border_color__hover_enabled=&#8221;off&#8221; button_two_border_color__hover_enabled=&#8221;off&#8221; button_border_radius__hover_enabled=&#8221;off&#8221; button_one_border_radius__hover_enabled=&#8221;off&#8221; button_two_border_radius__hover_enabled=&#8221;off&#8221; button_letter_spacing__hover_enabled=&#8221;off&#8221; button_one_letter_spacing__hover_enabled=&#8221;off&#8221; button_two_letter_spacing__hover_enabled=&#8221;off&#8221; button_bg_color__hover_enabled=&#8221;off&#8221; button_one_bg_color__hover_enabled=&#8221;off&#8221; button_two_bg_color__hover_enabled=&#8221;off&#8221;][et_pb_slide image=&#8221;https:\/\/wtz-west.at\/wp-content\/uploads\/2015\/12\/logo_leer80.png&#8221; alignment=&#8221;bottom&#8221; _builder_version=&#8221;3.16&#8243; background_color=&#8221;#ffffff&#8221; background_image=&#8221;https:\/\/wtz-west.at\/wp-content\/uploads\/2015\/07\/globus.png&#8221; background_layout=&#8221;light&#8221; global_colors_info=&#8221;{}&#8221; sticky_transition=&#8221;on&#8221; button_text_size__hover_enabled=&#8221;off&#8221; button_one_text_size__hover_enabled=&#8221;off&#8221; button_two_text_size__hover_enabled=&#8221;off&#8221; button_text_color__hover_enabled=&#8221;off&#8221; button_one_text_color__hover_enabled=&#8221;off&#8221; button_two_text_color__hover_enabled=&#8221;off&#8221; button_border_width__hover_enabled=&#8221;off&#8221; button_one_border_width__hover_enabled=&#8221;off&#8221; button_two_border_width__hover_enabled=&#8221;off&#8221; button_border_color__hover_enabled=&#8221;off&#8221; button_one_border_color__hover_enabled=&#8221;off&#8221; button_two_border_color__hover_enabled=&#8221;off&#8221; button_border_radius__hover_enabled=&#8221;off&#8221; button_one_border_radius__hover_enabled=&#8221;off&#8221; button_two_border_radius__hover_enabled=&#8221;off&#8221; button_letter_spacing__hover_enabled=&#8221;off&#8221; button_one_letter_spacing__hover_enabled=&#8221;off&#8221; button_two_letter_spacing__hover_enabled=&#8221;off&#8221; button_bg_color__hover_enabled=&#8221;off&#8221; button_one_bg_color__hover_enabled=&#8221;off&#8221; button_two_bg_color__hover_enabled=&#8221;off&#8221;]<\/p>\n<h1><strong>General Terms and Conditions of the WTZ West <\/strong><\/h1>\n<p>[\/et_pb_slide][\/et_pb_fullwidth_slider][\/et_pb_section][et_pb_section fb_built=&#8221;1&#8243; _builder_version=&#8221;3.22&#8243; global_colors_info=&#8221;{}&#8221;][et_pb_row _builder_version=&#8221;3.25&#8243; background_size=&#8221;initial&#8221; background_position=&#8221;top_left&#8221; background_repeat=&#8221;repeat&#8221; global_colors_info=&#8221;{}&#8221;][et_pb_column type=&#8221;4_4&#8243; _builder_version=&#8221;3.25&#8243; custom_padding=&#8221;|||&#8221; global_colors_info=&#8221;{}&#8221; custom_padding__hover=&#8221;|||&#8221;][et_pb_text admin_label=&#8221;text agbs&#8221; _builder_version=&#8221;4.9.11&#8243; background_size=&#8221;initial&#8221; background_position=&#8221;top_left&#8221; background_repeat=&#8221;repeat&#8221; hover_enabled=&#8221;0&#8243; global_colors_info=&#8221;{}&#8221; sticky_enabled=&#8221;0&#8243;]<\/p>\n<div class=\"et_pb_text et_pb_bg_layout_light et_pb_text_align_left\">\n<h2><strong>General Terms and Conditions<br \/><\/strong><\/h2>\n<p>In this section, you can read up on the General Terms and Conditions of our partner universities:<\/p>\n<div class=\"et_pb_text et_pb_bg_layout_light et_pb_text_align_left\">\n<ul>\n<li><a href=\"https:\/\/wtz-west.at\/wp-content\/uploads\/2014\/11\/AGB_LFU.pdf\" target=\"_Blank\" rel=\"noopener\">Leopolds-Franzens-Universit\u00e4t Innsbruck<\/a><\/li>\n<li><a href=\"https:\/\/wtz-west.at\/wp-content\/uploads\/2014\/11\/AGBMedUniInnsbruck.pdf\" target=\"_Blank\" rel=\"noopener\">Medizinische Universit\u00e4t Innsbruck<\/a><\/li>\n<li><a href=\"https:\/\/www.plus.ac.at\/wp-content\/uploads\/2021\/04\/GTC.pdf\" target=\"_blank\" rel=\"noopener\">Paris-Lodron-Universit\u00e4t Salzburg<\/a><\/li>\n<li><a href=\"https:\/\/wtz-west.at\/wp-content\/uploads\/2014\/11\/AGB_UniLinz.pdf\" target=\"_Blank\" rel=\"noopener\">Johannes Kepler Universit\u00e4t Linz<\/a><\/li>\n<\/ul>\n<\/div>\n<p>&nbsp;<\/p>\n<\/div>\n<p>[\/et_pb_text][\/et_pb_column][\/et_pb_row][\/et_pb_section][et_pb_section fb_built=&#8221;1&#8243; _builder_version=&#8221;3.22&#8243; global_colors_info=&#8221;{}&#8221;][et_pb_row _builder_version=&#8221;3.25&#8243; background_size=&#8221;initial&#8221; background_position=&#8221;top_left&#8221; background_repeat=&#8221;repeat&#8221; global_colors_info=&#8221;{}&#8221;][et_pb_column type=&#8221;4_4&#8243; _builder_version=&#8221;3.25&#8243; custom_padding=&#8221;|||&#8221; global_colors_info=&#8221;{}&#8221; custom_padding__hover=&#8221;|||&#8221;][et_pb_divider show_divider=&#8221;off&#8221; disabled_on=&#8221;on|on|off&#8221; admin_label=&#8221;Teiler&#8221; _builder_version=&#8221;3.23.4&#8243; height=&#8221;150px&#8221; global_colors_info=&#8221;{}&#8221;][\/et_pb_divider][\/et_pb_column][\/et_pb_row][\/et_pb_section]<\/p>\n","protected":false},"excerpt":{"rendered":"<p>General Terms and Conditions of the WTZ West General Terms and Conditions In this section, you can read up on the General Terms and Conditions of our partner universities: Leopolds-Franzens-Universit\u00e4t Innsbruck Medizinische Universit\u00e4t Innsbruck Paris-Lodron-Universit\u00e4t Salzburg Johannes Kepler Universit\u00e4t Linz &nbsp;<\/p>\n","protected":false},"author":5,"featured_media":0,"parent":4383,"menu_order":19,"comment_status":"closed","ping_status":"closed","template":"","meta":{"_et_pb_use_builder":"on","_et_pb_old_content":"<p>[et_pb_section fullwidth=\"on\" specialty=\"off\"][et_pb_fullwidth_slider admin_label=\"header\" show_arrows=\"off\" show_pagination=\"on\" auto=\"off\" parallax=\"on\" parallax_method=\"on\" module_class=\"slider_mit_text\"][et_pb_slide background_image=\"https:\/\/wtz-west.at\/wp-content\/uploads\/2015\/07\/globus.png\" background_color=\"#ffffff\" image=\"https:\/\/wtz-west.at\/wp-content\/uploads\/2015\/12\/logo_leer80.png\" alignment=\"bottom\" background_layout=\"light\" allow_player_pause=\"off\"]<\/p><h1><strong>Allgemeine<br \/> Gesch\u00e4ftsbedingungen<br \/> des WTZ West<\/strong><\/h1><p>Hier finden Sie die allgemeinen Gesch\u00e4ftsbedingungen unserer Partneruniversit\u00e4ten:[\/et_pb_slide][\/et_pb_fullwidth_slider][\/et_pb_section][et_pb_section fullwidth=\"off\" specialty=\"off\"][et_pb_row][et_pb_column type=\"4_4\"][et_pb_text admin_label=\"text agbs\" background_layout=\"light\" text_orientation=\"left\"]<\/p><div class=\"et_pb_text et_pb_bg_layout_light et_pb_text_align_left\"><h2><strong>Allgemeine Gesch\u00e4ftsbedingungen<br \/> <\/strong><\/h2><p>Im Rahmen des Wissenstransferzentrum West gelten die jeweiligen Gesch\u00e4ftsbedingungen unserer Partneruniversit\u00e4ten.<\/p><p>\u00a0<\/p><div class=\"et_pb_text et_pb_bg_layout_light et_pb_text_align_left\"><ul><li><a href=\"https:\/\/wtz-west.at\/wp-content\/uploads\/2014\/11\/AGB_LFU.pdf\" target=\"_Blank\">Leopolds-Franzens-Universit\u00e4t Innsbruck<\/a><\/li><li><a href=\"https:\/\/wtz-west.at\/wp-content\/uploads\/2014\/11\/AGBMedUniInnsbruck.pdf\" target=\"_Blank\">Medizinische Universit\u00e4t Innsbruck<\/a><\/li><li><a href=\"https:\/\/www.sbg.ac.at\/aff\/download\/AGB.pdf\">Paris-Lodron-Universit\u00e4t Salzburg<\/a><\/li><li><a href=\"https:\/\/wtz-west.at\/wp-content\/uploads\/2014\/11\/AGB_UniLinz.pdf\" target=\"_Blank\">Johannes Kepler Universit\u00e4t Linz<\/a><\/li><\/ul><\/div><p>\u00a0<\/p><\/div><p>[\/et_pb_text][\/et_pb_column][\/et_pb_row][\/et_pb_section][et_pb_section][et_pb_row][et_pb_column type=\"4_4\"][et_pb_divider admin_label=\"Teiler\" color=\"#ffffff\" show_divider=\"off\" height=\"150\" \/][\/et_pb_column][\/et_pb_row][\/et_pb_section]<\/p>","_et_gb_content_width":""},"_links":{"self":[{"href":"https:\/\/wtz-west.at\/en\/wp-json\/wp\/v2\/pages\/4405"}],"collection":[{"href":"https:\/\/wtz-west.at\/en\/wp-json\/wp\/v2\/pages"}],"about":[{"href":"https:\/\/wtz-west.at\/en\/wp-json\/wp\/v2\/types\/page"}],"author":[{"embeddable":true,"href":"https:\/\/wtz-west.at\/en\/wp-json\/wp\/v2\/users\/5"}],"replies":[{"embeddable":true,"href":"https:\/\/wtz-west.at\/en\/wp-json\/wp\/v2\/comments?post=4405"}],"version-history":[{"count":7,"href":"https:\/\/wtz-west.at\/en\/wp-json\/wp\/v2\/pages\/4405\/revisions"}],"predecessor-version":[{"id":7307,"href":"https:\/\/wtz-west.at\/en\/wp-json\/wp\/v2\/pages\/4405\/revisions\/7307"}],"up":[{"embeddable":true,"href":"https:\/\/wtz-west.at\/en\/wp-json\/wp\/v2\/pages\/4383"}],"wp:attachment":[{"href":"https:\/\/wtz-west.at\/en\/wp-json\/wp\/v2\/media?parent=4405"}],"curies":[{"name":"wp","href":"https:\/\/api.w.org\/{rel}","templated":true}]}}